{"id":7,"date":"2018-05-21T14:04:41","date_gmt":"2018-05-21T14:04:41","guid":{"rendered":"https:\/\/www.rrcorseguros.com.br\/site\/?page_id=7"},"modified":"2024-06-06T17:11:01","modified_gmt":"2024-06-06T20:11:01","slug":"inicio","status":"publish","type":"page","link":"https:\/\/www.rrcorseguros.com.br\/site\/","title":{"rendered":"In\u00edcio"},"content":{"rendered":"<p>&nbsp;<\/p>\n<div style=\"display: none;\">\n<p>corretora de seguros passo fundo, porto alegre, tapes seguros passo fundo, porto alegre, tapes, carro em passo fundo, porto alegre, tapes, casa, passo fundo, porto alegre, tapes RS, casa e corretora de seguros seguro de vida passo fundo, porto alegre, tapes<\/p>\n<h1>casa em passo fundo, porto alegre, tapes,\u00a0carro passo fundo, porto alegre, tapes, seguros passo fundo, porto alegre, tapes,<\/h1>\n<h2>casa em passo fundo, porto alegre, tapes, corretora de seguros passo fundo, porto alegre, tapes e regi\u00e3o, seguros passo fundo, porto alegre, tapes em passo fundo, porto alegre, tapes, casa venda carro corretora de seguros seguro de vida passo fundo, porto alegre, tapes, corretora de seguros em passo fundo, porto alegre, tapes rs, casa, para passo fundo, porto alegre, tapes e regi\u00e3o, casa para passo fundo, porto alegre, tapes e regi\u00e3o\u00a0corretora de seguros seguro de vida corretora de seguros seguro de vida passo fundo, porto alegre, tapes de casa em passo fundo, porto alegre, tapes, corretora de seguros passo fundo, porto alegre, tapes e regi\u00e3o, seguros passo fundo, porto alegre, tapes em passo fundo, porto alegre, tapes, casa venda carro corretora de seguros seguro de vida passo fundo, porto alegre, tapes, corretora de seguros em passo fundo, porto alegre, tapes rs, casa,<a title=\"corretora de seguros seguro de vida corretora de seguros seguro de vida passo fundo, porto alegre, tapes de casa em passo fundo, porto alegre, tapes, corretora de seguros passo fundo, porto alegre, tapes e regi\u00e3o, seguros passo fundo, porto alegre, tapes em passo fundo, porto alegre, tapes, casa venda carro corretora de seguros seguro de vida passo fundo, porto alegre, tapes, corretora de seguros em passo fundo, porto alegre, tapes rs, casa, para passo fundo, porto alegre, tapes e regi\u00e3o, casa para passo fundo, porto alegre, tapes e regi\u00e3o\" href=\"https:\/\/www.rrcorseguros.com.br\">para passo fundo, porto alegre, tapes e regi\u00e3o, casa para passo fundo, porto alegre, tapes e regi\u00e3o\u00a0corretora de seguros seguro de vida corretora de seguros seguro de vida passo fundo, porto alegre, tapes de casa em passo fundo, porto alegre, tapes, corretora de seguros passo fundo, porto alegre, tapes e regi\u00e3o, seguros passo fundo, porto alegre, tapes em passo fundo, porto alegre, tapes, casa venda carro corretora de seguros seguro de vida passo fundo, porto alegre, tapes, corretora de seguros em passo fundo, porto alegre, tapes rs, casa<\/a>, para passo fundo, porto alegre, tapes e regi\u00e3o, casa para passo fundo, porto alegre, tapes e regi\u00e3o\u00a0corretora de seguros seguro de vida corretora de seguros seguro de vida passo fundo, porto alegre, tapes de casa em passo fundo, porto alegre, tapes, corretora de seguros passo fundo, porto alegre, tapes e regi\u00e3o, seguros passo fundo, porto alegre, tapes em passo fundo, porto alegre, tapes, casa venda carro corretora de seguros seguro de vida passo fundo, porto alegre, tapes, corretora de seguros em passo fundo, porto alegre, tapes rs, casa, para passo fundo, porto alegre, tapes e regi\u00e3o, casa para passo fundo, porto alegre, tapes e regi\u00e3o\u00a0corretora de seguros seguro de vida corretora de seguros seguro de vida passo fundo, porto alegre, tapes de casa em passo fundo, porto alegre, tapes, corretora de seguros passo fundo, porto alegre, tapes e regi\u00e3o, seguros passo fundo, porto alegre, tapes em passo fundo, porto alegre, tapes, casa venda carro corretora de seguros seguro de vida passo fundo, porto alegre, tapes, corretora de seguros em passo fundo, porto alegre, tapes rs, casa, para passo fundo, porto alegre, tapes e regi\u00e3o,<a title=\"corretora de seguros seguro de vida corretora de seguros seguro de vida passo fundo, porto alegre, tapes de casa em passo fundo, porto alegre, tapes, corretora de seguros passo fundo, porto alegre, tapes e regi\u00e3o, seguros passo fundo, porto alegre, tapes em passo fundo, porto alegre, tapes, casa venda carro corretora de seguros seguro de vida passo fundo, porto alegre, tapes, corretora de seguros em passo fundo, porto alegre, tapes rs, casa, para passo fundo, porto alegre, tapes e regi\u00e3o, casa para passo fundo, porto alegre, tapes e regi\u00e3o\" href=\"https:\/\/www.rrcorseguros.com.br\/site\">casa para passo fundo, porto alegre, tapes e regi\u00e3o\u00a0corretora de seguros seguro de vida corretora de seguros seguro de vida passo fundo, porto alegre, tapes de casa em passo fundo, porto alegre, tapes, corretora de seguros passo fundo, porto alegre, tapes e regi\u00e3o, cria\u00e7\u00e3o de sit<\/a>es em passo fundo, porto alegre, tapes, casa venda carro corretora de seguros seguro de vida passo fundo, porto alegre, tapes, corretora de seguros em passo fundo, porto alegre, tapes rs, casa, para passo fundo, porto alegre, tapes e regi\u00e3o, casa para passo fundo, porto alegre, tapes e regi\u00e3o<\/h2>\n<div id=\"attachment_747\" style=\"width: 353px\" class=\"wp-caption aligncenter\"><a href=\"https:\/\/www.rrcorseguros.com.br\/site\/wp-content\/uploads\/2013\/06\/per\u00edcia-m\u00e9dica-passo-fundo-rs.jpg\"><img aria-describedby=\"caption-attachment-747\" decoding=\"async\" loading=\"lazy\" class=\"size-full wp-image-747 \" title=\"corretora de seguros seguro de vida corretora de seguros seguro de vida passo fundo, porto alegre, tapes de casa em passo fundo, porto alegre, tapes\" src=\"https:\/\/www.rrcorseguros.com.br\/site\/wp-content\/uploads\/2013\/06\/per\u00edcia-m\u00e9dica-passo-fundo-rs.jpg\" alt=\"corretora de seguros seguro de vida corretora de seguros seguro de vida passo fundo, porto alegre, tapes de casa em passo fundo, porto alegre, tapes\" width=\"343\" height=\"300\"  loading=\"lazy\" \/><\/a><p id=\"caption-attachment-747\" class=\"wp-caption-text\">corretora de seguros seguro de vida corretora de seguros seguro de vida passo fundo, porto alegre, tapes de casa em passo fundo, porto alegre, tapes<\/p><\/div>\n<\/div>\n","protected":false},"excerpt":{"rendered":"<p>&nbsp; corretora de seguros passo fundo, porto alegre, tapes seguros passo fundo, porto alegre, tapes, [&hellip;]<\/p>\n","protected":false},"author":1,"featured_media":0,"parent":0,"menu_order":0,"comment_status":"closed","ping_status":"closed","template":"template-inicio.php","meta":[],"_links":{"self":[{"href":"https:\/\/www.rrcorseguros.com.br\/site\/wp-json\/wp\/v2\/pages\/7"}],"collection":[{"href":"https:\/\/www.rrcorseguros.com.br\/site\/wp-json\/wp\/v2\/pages"}],"about":[{"href":"https:\/\/www.rrcorseguros.com.br\/site\/wp-json\/wp\/v2\/types\/page"}],"author":[{"embeddable":true,"href":"https:\/\/www.rrcorseguros.com.br\/site\/wp-json\/wp\/v2\/users\/1"}],"replies":[{"embeddable":true,"href":"https:\/\/www.rrcorseguros.com.br\/site\/wp-json\/wp\/v2\/comments?post=7"}],"version-history":[{"count":10,"href":"https:\/\/www.rrcorseguros.com.br\/site\/wp-json\/wp\/v2\/pages\/7\/revisions"}],"predecessor-version":[{"id":575,"href":"https:\/\/www.rrcorseguros.com.br\/site\/wp-json\/wp\/v2\/pages\/7\/revisions\/575"}],"wp:attachment":[{"href":"https:\/\/www.rrcorseguros.com.br\/site\/wp-json\/wp\/v2\/media?parent=7"}],"curies":[{"name":"wp","href":"https:\/\/api.w.org\/{rel}","templated":true}]}}